{"id":963,"date":"2023-02-13T09:54:36","date_gmt":"2023-02-13T07:54:36","guid":{"rendered":"https:\/\/haara-onkijoki.fi\/?page_id=963"},"modified":"2023-02-13T09:58:24","modified_gmt":"2023-02-13T07:58:24","slug":"vuokrausehdot","status":"publish","type":"page","link":"https:\/\/haara-onkijoki.fi\/?page_id=963","title":{"rendered":"Vuokrausehdot"},"content":{"rendered":"<p>[et_pb_section fb_built=&#8221;1&#8243; admin_label=&#8221;section&#8221; _builder_version=&#8221;4.16&#8243; global_colors_info=&#8221;{}&#8221;][et_pb_row admin_label=&#8221;row&#8221; _builder_version=&#8221;4.16&#8243; background_size=&#8221;initial&#8221; background_position=&#8221;top_left&#8221; background_repeat=&#8221;repeat&#8221; global_colors_info=&#8221;{}&#8221;][et_pb_column type=&#8221;4_4&#8243; _builder_version=&#8221;4.16&#8243; custom_padding=&#8221;|||&#8221; global_colors_info=&#8221;{}&#8221; custom_padding__hover=&#8221;|||&#8221;][et_pb_text _builder_version=&#8221;4.19.5&#8243; _module_preset=&#8221;default&#8221; hover_enabled=&#8221;0&#8243; global_colors_info=&#8221;{}&#8221; sticky_enabled=&#8221;0&#8243;]<\/p>\n<p><strong>1. Yleist\u00e4<\/strong><\/p>\n<p>N\u00e4it\u00e4 sopimusehtoja noudatetaan Haaran-Onkijoen Kyl\u00e4yhdistys ry:n (y-tunnus: 1563017-9) hallinnoimien tilojen vuokrauksessa. Vuokrasopimuksen allekirjoituksella sek\u00e4 vuokranantaja ett\u00e4 vuokralainen sitoutuu noudattamaan n\u00e4it\u00e4 ehtoja.<\/p>\n<p>Vuokrasopimus koskee vain erikseen sovittuja tiloja (P\u00e4\u00e4skynpes\u00e4 \/ Kerttula), mutta vuokrauksen ehdot, kuten vahingonkorvausvastuu koskee koko kiinteist\u00f6\u00e4 silt\u00e4 osin, kuin sille vuokra-aikana aiheutetaan vahinkoa. Vuokralainen on siis vastuussa my\u00f6s esimerkiksi ulkotiloissa tapahtuvista vahingoista.<\/p>\n<p><strong>2. Vuokra-aika<\/strong><\/p>\n<p>Vuokralainen saa vuokrattavan tilan avaimet etuk\u00e4teen vuokranantajan edustajalta. Vuokra-aika alkaa ja p\u00e4\u00e4ttyy vuokrasopimuksessa ilmoitettuina aikoina. Vuokralainen sitoutuu huolehtimaan avaimista siten, ettei niit\u00e4 k\u00e4ytet\u00e4 v\u00e4\u00e4rin, eik\u00e4 niill\u00e4 ole tilaisuutta joutua asiattomien haltuun. Mik\u00e4li vuokralainen j\u00e4tt\u00e4\u00e4 palauttamatta saamansa avaimet tai kadottaa ne, perit\u00e4\u00e4n vuokralaiselta lukkojen uudelleen sarjoituksesta ja avainsarjan uusimisesta aiheutuvat kulut.<\/p>\n<p>Vuokralaisella on erikseen sovittaessa oikeus vierailla tilassa tai tehd\u00e4 valmisteluja jo ennen virallista vuokra-ajan alkua. Vuokralainen on kuitenkin t\u00e4ll\u00f6in vastuussa mahdollisesti aiheutuvista vahingoista, vaikka virallinen vuokra-aika ei olisikaan viel\u00e4 alkanut.<\/p>\n<p>Tila on oltava luovutuskunnossa vuokra-ajan p\u00e4\u00e4ttyess\u00e4, riippumatta siit\u00e4, milloin avaintenluovutus tapahtuu. Vuokranantaja ja vuokralainen sopivat avaintenluovutusajasta ja tavasta vuokrasopimuksen allekirjoituksen yhteydess\u00e4.<\/p>\n<p><strong>3. S\u00e4\u00e4nn\u00f6t, j\u00e4rjestys ja turvallisuus<\/strong><\/p>\n<p>Vuokralaisella on oikeus siirt\u00e4\u00e4 vuokratilassa olevia irtokalusteita haluamaansa paikkaan. Kalusteet tulee kuitenkin palauttaa vuokrausta edelt\u00e4viin paikkoihin. Mik\u00e4li vuokralainen haluaa kiinnitt\u00e4\u00e4 seinille jotain tai poistaa sein\u00e4ll\u00e4 olevia tauluja tms. tulee vuokralaisen palauttaa sein\u00e4pinnat vuokrauksen alkua vastaavaan kuntoon. Esimerkiksi nauloilla tai ruuveilla kiinnitett\u00e4v\u00e4t koristeet ei ole sallittuja.<\/p>\n<p>Musiikin ja muun \u00e4\u00e4nekk\u00e4\u00e4n toiminnan osalta vuokralaisen on huomioitava l\u00e4hiseudun asukkaat ja y\u00f6rauha. T\u00e4m\u00e4 koskee sek\u00e4 sis\u00e4- ett\u00e4 ulkotiloissa aiheutuvaa melua. Kello 23 j\u00e4lkeen musiikin ja muun h\u00e4iritsev\u00e4n \u00e4\u00e4nen on oltava maltillista ja ulko-ovet pidett\u00e4v\u00e4 kiinni. Tiloista on poistuttava viimeist\u00e4\u00e4n kello 03.30. T\u00e4m\u00e4 ei kuitenkaan koske tilaisuuden j\u00e4lkeist\u00e4 siivousta.<\/p>\n<p>Tiloista poistuttaessa vuokralainen huolehtii ja vastaa siit\u00e4, ett\u00e4 kaikki valot ja muu elektroniikka, sek\u00e4 mahdolliset kynttil\u00e4t ja ulkotulet sammutetaan sek\u00e4 ovet lukitaan.<\/p>\n<p>Vuokralainen vastaa siit\u00e4, ett\u00e4 vuokratiloja ei k\u00e4ytet\u00e4 hyv\u00e4n tavan vastaisiin tilaisuuksiin ja ettei tilassa j\u00e4rjestet\u00e4 mit\u00e4\u00e4n lainvastaista toimintaa. Vuokralaisen on tilaisuuden laadun ja laajuuden sit\u00e4 edellytt\u00e4ess\u00e4 huolehdittava tarpeellisesta ja riitt\u00e4v\u00e4st\u00e4 j\u00e4rjestyksenpidosta. Vuokrakohteen omistaja ei vastaa mist\u00e4\u00e4n vuokralaisen j\u00e4rjest\u00e4m\u00e4n tilaisuuden aikana sattuneista tilaisuuteen osallistuneiden henkil\u00f6iden henkil\u00f6- tai esinevahingoista.<\/p>\n<p>Tupakointi sis\u00e4tiloissa on ehdottomasti kielletty. Kynttil\u00f6it\u00e4 saa polttaa sis\u00e4ll\u00e4 ainoastaan p\u00f6ydill\u00e4 palamattomalla alustalla. Ulkotulia ei saa polttaa 2 metri\u00e4 l\u00e4hemp\u00e4n\u00e4 rakenteita. Kiinteist\u00f6n alueella avotulen teko on ehdottomasti kielletty.<\/p>\n<p><strong>4. Puhtaanapito<\/strong><\/p>\n<p>Vuokralaisen tulee k\u00e4ytt\u00e4\u00e4 tiloja noudattaen normaalia siisteytt\u00e4.<\/p>\n<p>Mik\u00e4li loppusiivousta ei ole tilattu erikseen, vuokralaisen tulee palauttaa tilat vuokranantajalle samassa kunnossa, kuin ne vuokrauksen alkaessa ovat. Vuokranantajan edustaja n\u00e4ytt\u00e4\u00e4 vuokralaiselle siivousv\u00e4lineiden sijainnit sek\u00e4 antaa siivousohjeet ennen vuokrauksen alkua.<\/p>\n<p>Vuokralainen huolehtii k\u00e4ytt\u00e4m\u00e4ns\u00e4 tavarat, laitteet ja astiat puhtaina omille paikoilleen, pyyhkii tasot sek\u00e4 lattiat, imuroi eteismatot ja huolehtii omat tavarat ja roskat pois tiloista vuokra-ajan puitteissa. Vuokralainen huolehtii my\u00f6s k\u00e4yt\u00f6ss\u00e4\u00e4n olleiden piha-alueiden siisteydest\u00e4.<\/p>\n<p>Mik\u00e4li vuokralainen havaitsee vuokrauksen j\u00e4lkeen siivouksessa puutteita, dokumentoidaan puutteet ja n\u00e4ist\u00e4 ilmoitetaan vuokralaiselle. Vuokranantaja tilaa vuokratilaan siivouksen ja siivouspalvelu laskutetaan kokonaisuudessaan vuokralaiselta. Lis\u00e4ksi vuokralaiselta perit\u00e4\u00e4n korvaus muista aiheutuvista vahingoista, kuten seuraavan vuokrausajan mahdollisesta viiv\u00e4stymisest\u00e4.<\/p>\n<p>&nbsp;<\/p>\n<p><strong>5. Vahingot ja niiden korvaus<\/strong><\/p>\n<p>Vuokralainen on velvollinen korvaamaan vuokrauksen yhteydess\u00e4 tiloille, kiinteist\u00f6n omistajalle ja\/tai kolmannelle osapuolelle aiheutetut vahingot. Vuokralainen on vastuussa kaikista vahingoista, jotka kiinteist\u00f6lle tai sen irtaimistolle vuokrauksen aikana aiheutuu, riippumatta siit\u00e4, onko vuokralainen itse kyseisen vahingon aiheuttanut. Vuokralainen on vastuussa my\u00f6s vuokra-ajan j\u00e4lkeen syntyneist\u00e4 tai ilmenevist\u00e4 vahingoista, jotka ovat aiheutuneet tiloissa olleiden toiminnasta tai huolimattomuudesta.<\/p>\n<p>Mik\u00e4li tilassa on tapahtuman j\u00e4ljilt\u00e4 lis\u00e4siivouksen tai remontoimisen tarvetta sattuneiden vahinkojen tai ilkivallan vuoksi (esim. oksennus, tahrat seinill\u00e4, tms.), vuokranantaja laskuttaa n\u00e4m\u00e4 erikseen tilaisuuden j\u00e4lkeen. Vuokralainen on velvollinen ilmoittamaan rikki menneist\u00e4 astioista, muusta hajonneesta irtaimistosta tai kiinteist\u00f6lle aiheutuneista haavereista. Rikkimenneist\u00e4 tai kadonneista astioista ja ruokailuv\u00e4lineist\u00e4 veloitetaan j\u00e4lleenhankintahinnan mukaisesti.<\/p>\n<p>Mik\u00e4li vuokralaisena on yhdistys, yritys tai muu yhteis\u00f6, vastaa vahingoista ensisijaisesti vuokralaisena oleva taho. Mik\u00e4li vahingonkorvausta ei saada kyseiselt\u00e4 taholta peritty\u00e4, perit\u00e4\u00e4n vahingonkorvaus t\u00e4m\u00e4n sopimuksen allekirjoittaneelta henkil\u00f6lt\u00e4.<\/p>\n<p><strong>6. Reklamaatio<\/strong><\/p>\n<p>Mik\u00e4li vuokralainen huomaa vuokra-ajan alkaessa tai vuokra-aikana tilassa, irtaimistossa tai siisteydess\u00e4 jotain reklamoitavaa, tulee t\u00e4st\u00e4 ilmoittaa viipym\u00e4tt\u00e4 vuokranantajalle. V\u00e4\u00e4rink\u00e4sityksien v\u00e4ltt\u00e4miseksi vuokralaisen on hyv\u00e4 dokumentoida esimerkiksi siivouksessa havaitut puutteet valokuvin.<\/p>\n<p><strong>7. Maksu ja peruutusehdot<\/strong><\/p>\n<p>Vuokra tulee maksaa vuokrasopimuksessa ilmoitetulle Haaran-Onkijoen Kyl\u00e4yhdistys ry:n tilille 7 vrk kuluessa vuokra-ajan p\u00e4\u00e4ttymisest\u00e4. Viiv\u00e4styneest\u00e4 maksusta perit\u00e4\u00e4n korkolain mukaista korkoa.<\/p>\n<p>Mik\u00e4li vuokratilan varaus peruutetaan v\u00e4hemm\u00e4n kuin kuukausi ennen vuokra-aikaa, vuokralaiselta veloitetaan puolet varatun vuokrauksen mukaisesta vuokran m\u00e4\u00e4r\u00e4st\u00e4.<\/p>\n<p>[\/et_pb_text][\/et_pb_column][\/et_pb_row][\/et_pb_section]<\/p>\n","protected":false},"excerpt":{"rendered":"<p>1. Yleist\u00e4 N\u00e4it\u00e4 sopimusehtoja noudatetaan Haaran-Onkijoen Kyl\u00e4yhdistys ry:n (y-tunnus: 1563017-9) hallinnoimien tilojen vuokrauksessa. Vuokrasopimuksen allekirjoituksella sek\u00e4 vuokranantaja ett\u00e4 vuokralainen sitoutuu noudattamaan n\u00e4it\u00e4 ehtoja. Vuokrasopimus koskee vain erikseen sovittuja tiloja (P\u00e4\u00e4skynpes\u00e4 \/ Kerttula), mutta vuokrauksen ehdot, kuten vahingonkorvausvastuu koskee koko kiinteist\u00f6\u00e4 silt\u00e4 osin, kuin sille vuokra-aikana aiheutetaan vahinkoa. Vuokralainen on siis vastuussa my\u00f6s esimerkiksi ulkotiloissa tapahtuvista [&hellip;]<\/p>\n","protected":false},"author":1,"featured_media":0,"parent":0,"menu_order":0,"comment_status":"closed","ping_status":"closed","template":"","meta":{"_et_pb_use_builder":"on","_et_pb_old_content":"","_et_gb_content_width":"","footnotes":""},"class_list":["post-963","page","type-page","status-publish","hentry"],"_links":{"self":[{"href":"https:\/\/haara-onkijoki.fi\/index.php?rest_route=\/wp\/v2\/pages\/963","targetHints":{"allow":["GET"]}}],"collection":[{"href":"https:\/\/haara-onkijoki.fi\/index.php?rest_route=\/wp\/v2\/pages"}],"about":[{"href":"https:\/\/haara-onkijoki.fi\/index.php?rest_route=\/wp\/v2\/types\/page"}],"author":[{"embeddable":true,"href":"https:\/\/haara-onkijoki.fi\/index.php?rest_route=\/wp\/v2\/users\/1"}],"replies":[{"embeddable":true,"href":"https:\/\/haara-onkijoki.fi\/index.php?rest_route=%2Fwp%2Fv2%2Fcomments&post=963"}],"version-history":[{"count":3,"href":"https:\/\/haara-onkijoki.fi\/index.php?rest_route=\/wp\/v2\/pages\/963\/revisions"}],"predecessor-version":[{"id":968,"href":"https:\/\/haara-onkijoki.fi\/index.php?rest_route=\/wp\/v2\/pages\/963\/revisions\/968"}],"wp:attachment":[{"href":"https:\/\/haara-onkijoki.fi\/index.php?rest_route=%2Fwp%2Fv2%2Fmedia&parent=963"}],"curies":[{"name":"wp","href":"https:\/\/api.w.org\/{rel}","templated":true}]}}