{"id":384,"date":"2019-03-19T20:24:49","date_gmt":"2019-03-19T18:24:49","guid":{"rendered":"https:\/\/haara-onkijoki.fi\/?page_id=384"},"modified":"2023-02-13T11:30:58","modified_gmt":"2023-02-13T09:30:58","slug":"kylatoiminta","status":"publish","type":"page","link":"https:\/\/haara-onkijoki.fi\/?page_id=384","title":{"rendered":"Kyl\u00e4toiminta"},"content":{"rendered":"<p>[et_pb_section fb_built=&#8221;1&#8243; _builder_version=&#8221;4.16&#8243; custom_padding=&#8221;0px|0px|132px|0px|false|false&#8221; global_colors_info=&#8221;{}&#8221;][et_pb_row _builder_version=&#8221;4.16&#8243; background_size=&#8221;initial&#8221; background_position=&#8221;top_left&#8221; background_repeat=&#8221;repeat&#8221; custom_padding=&#8221;46px|0px|27px|0px|false|false&#8221; collapsed=&#8221;off&#8221; global_colors_info=&#8221;{}&#8221;][et_pb_column type=&#8221;4_4&#8243; _builder_version=&#8221;4.16&#8243; custom_padding=&#8221;|||&#8221; global_colors_info=&#8221;{}&#8221; custom_padding__hover=&#8221;|||&#8221;][et_pb_text _builder_version=&#8221;4.16&#8243; background_size=&#8221;initial&#8221; background_position=&#8221;top_left&#8221; background_repeat=&#8221;repeat&#8221; global_colors_info=&#8221;{}&#8221;]<\/p>\n<p>&#8221;Haaran-Onkijoen kyl\u00e4yhdistyksen tarkoitus on edist\u00e4\u00e4 kylien asukkaiden yhteisty\u00f6t\u00e4, omatoimisuutta, kylien elinkelpoisuutta ja toimia niiden edunvalvojana.<\/p>\n<p>Yhdistys pyrkii edist\u00e4m\u00e4\u00e4n kyl\u00e4n asukkaiden toimeentulomahdollisuuksia, kylien vakinaisten ja vapaa-ajan asukkaiden viihtyvyytt\u00e4, harrastus- ja kulttuuritoimintaa ja yhteisty\u00f6t\u00e4.&#8221;<\/p>\n<p>(Haaran-Onkijoen kyl\u00e4yhdistys ry:n s\u00e4\u00e4nn\u00f6t)<\/p>\n<p>[\/et_pb_text][\/et_pb_column][\/et_pb_row][et_pb_row _builder_version=&#8221;4.19.5&#8243; _module_preset=&#8221;default&#8221;][et_pb_column _builder_version=&#8221;4.19.5&#8243; _module_preset=&#8221;default&#8221; type=&#8221;4_4&#8243;][et_pb_gallery _builder_version=&#8221;4.19.5&#8243; _module_preset=&#8221;default&#8221; gallery_ids=&#8221;688,689,690,691,692,693,694,695,696,697,434,436,437,438&#8243; hover_enabled=&#8221;0&#8243; sticky_enabled=&#8221;0&#8243; posts_number=&#8221;50&#8243; show_title_and_caption=&#8221;off&#8221;][\/et_pb_gallery][\/et_pb_column][\/et_pb_row][\/et_pb_section]<\/p>\n","protected":false},"excerpt":{"rendered":"<p>&#8221;Haaran-Onkijoen kyl\u00e4yhdistyksen tarkoitus on edist\u00e4\u00e4 kylien asukkaiden yhteisty\u00f6t\u00e4, omatoimisuutta, kylien elinkelpoisuutta ja toimia niiden edunvalvojana. Yhdistys pyrkii edist\u00e4m\u00e4\u00e4n kyl\u00e4n asukkaiden toimeentulomahdollisuuksia, kylien vakinaisten ja vapaa-ajan asukkaiden viihtyvyytt\u00e4, harrastus- ja kulttuuritoimintaa ja yhteisty\u00f6t\u00e4.&#8221; (Haaran-Onkijoen kyl\u00e4yhdistys ry:n s\u00e4\u00e4nn\u00f6t)<\/p>\n","protected":false},"author":1,"featured_media":0,"parent":0,"menu_order":0,"comment_status":"closed","ping_status":"closed","template":"","meta":{"_et_pb_use_builder":"on","_et_pb_old_content":"<p>K<\/p>","_et_gb_content_width":"","footnotes":""},"class_list":["post-384","page","type-page","status-publish","hentry"],"_links":{"self":[{"href":"https:\/\/haara-onkijoki.fi\/index.php?rest_route=\/wp\/v2\/pages\/384","targetHints":{"allow":["GET"]}}],"collection":[{"href":"https:\/\/haara-onkijoki.fi\/index.php?rest_route=\/wp\/v2\/pages"}],"about":[{"href":"https:\/\/haara-onkijoki.fi\/index.php?rest_route=\/wp\/v2\/types\/page"}],"author":[{"embeddable":true,"href":"https:\/\/haara-onkijoki.fi\/index.php?rest_route=\/wp\/v2\/users\/1"}],"replies":[{"embeddable":true,"href":"https:\/\/haara-onkijoki.fi\/index.php?rest_route=%2Fwp%2Fv2%2Fcomments&post=384"}],"version-history":[{"count":9,"href":"https:\/\/haara-onkijoki.fi\/index.php?rest_route=\/wp\/v2\/pages\/384\/revisions"}],"predecessor-version":[{"id":993,"href":"https:\/\/haara-onkijoki.fi\/index.php?rest_route=\/wp\/v2\/pages\/384\/revisions\/993"}],"wp:attachment":[{"href":"https:\/\/haara-onkijoki.fi\/index.php?rest_route=%2Fwp%2Fv2%2Fmedia&parent=384"}],"curies":[{"name":"wp","href":"https:\/\/api.w.org\/{rel}","templated":true}]}}