{"id":331,"date":"2019-03-11T17:29:52","date_gmt":"2019-03-11T15:29:52","guid":{"rendered":"https:\/\/haara-onkijoki.fi\/?page_id=331"},"modified":"2023-02-15T21:59:49","modified_gmt":"2023-02-15T19:59:49","slug":"ajankohtaista","status":"publish","type":"page","link":"https:\/\/haara-onkijoki.fi\/?page_id=331","title":{"rendered":"Ajankohtaista"},"content":{"rendered":"<p>[et_pb_section fb_built=&#8221;1&#8243; admin_label=&#8221;section&#8221; _builder_version=&#8221;4.16&#8243; global_colors_info=&#8221;{}&#8221;][et_pb_row _builder_version=&#8221;4.19.5&#8243; _module_preset=&#8221;default&#8221; custom_margin=&#8221;||||false|false&#8221; custom_padding=&#8221;100px||||false|false&#8221; global_colors_info=&#8221;{}&#8221;][et_pb_column type=&#8221;4_4&#8243; _builder_version=&#8221;4.19.5&#8243; _module_preset=&#8221;default&#8221; global_colors_info=&#8221;{}&#8221;][et_pb_blog _builder_version=&#8221;4.19.5&#8243; _module_preset=&#8221;default&#8221; hover_enabled=&#8221;0&#8243; global_colors_info=&#8221;{}&#8221; show_author=&#8221;off&#8221; show_categories=&#8221;off&#8221; sticky_enabled=&#8221;0&#8243;][\/et_pb_blog][\/et_pb_column][\/et_pb_row][\/et_pb_section]<\/p>\n","protected":false},"excerpt":{"rendered":"","protected":false},"author":1,"featured_media":0,"parent":0,"menu_order":0,"comment_status":"closed","ping_status":"closed","template":"","meta":{"_et_pb_use_builder":"on","_et_pb_old_content":"<strong>2022<\/strong>\r\n\r\n<strong>18.12. klo 18<\/strong> Joulupuurot kyl\u00e4l\u00e4isille. Riisipuuroa ja soppaa jouluisissa tunnelmissa. Tervetuloa!\r\n\r\n<strong>11.12. klo 18 <\/strong>SYYSKOKOUS. Kahvitarjoilu. K\u00e4sittelyss\u00e4 syyskokousasiat. Tervetuloa!\r\n\r\n<strong>1. -16.10.<\/strong> Puutarhurin valssi -teatterin\u00e4yt\u00f6kset (katso tarkempi aikataulu n\u00e4ytelm\u00e4n v\u00e4lilehdelt\u00e4)\r\n\r\n<strong>4.8. klo 18<\/strong> Haitari soi! Yhteislauluja Viljo Marttilan ja Reino Markkulan s\u00e4velin. Elsa Hietala juontaa ja Sari Jokela s\u00e4est\u00e4\u00e4. Vapaa p\u00e4\u00e4sy, v\u00e4liajalla mahdollisuus kahvitella.\r\n\r\n<strong>27.7. klo 18<\/strong> alkaen Match Show - n\u00e4yttely kaikille koirille - yhteisty\u00f6ss\u00e4 Loimaan Seudun Kennelkerhon kanssa. Koiramaista puuhaa koko perheelle. Lis\u00e4tiedot ja ilmoittautumiset: www.lskennelkerho.fi\r\n\r\n<strong>22.6. klo 18<\/strong> Kyl\u00e4historiailta P\u00e4\u00e4skynpes\u00e4ll\u00e4. Elsa Hietala kertoo Haaran kyl\u00e4st\u00e4 ja erityisesti Sipil\u00e4n talon vanhemmasta historiasta.\r\n\r\n<b>11.6. klo 10-14 <\/b>Avoimet kyl\u00e4t! Takakonttikirppis ja avoimet ovet. Tervetuloa!\r\n\r\n<strong>13.2.<\/strong> Talvipuuhaa kyl\u00e4talolla klo 11-13! Pulkkailua, kelkka-ajelua, mehua ja makkaraa sek\u00e4 iloista yhdess\u00e4 olemista! Tervetuloa!\r\n\r\n---------------------------------------------------------------------------------------------------------------------------------------------\r\n\r\n<strong>2021<\/strong>\r\n\r\n<strong>19.12. klo 18<\/strong> Kyl\u00e4yhdistys tarjoaa P\u00e4\u00e4skynpes\u00e4ll\u00e4 joulupuurot. Tervetuloa!\r\n\r\n<strong>8.12. klo 13<\/strong> Toffelikerho kokoontuu. Pankkilakimies Ville-Veikko Hietanen kertoo arjen pankkipalveluista. Koronatilanteen vuoksi asiantuntija paikalla et\u00e4yhteydell\u00e4!\r\n\r\n<strong>28.11. klo 18<\/strong> Kyl\u00e4yhdistyksen s\u00e4\u00e4nt\u00f6m\u00e4\u00e4r\u00e4inen syyskokous.\r\n\r\n<strong>4.9. klo 10 - 14<\/strong> Kyl\u00e4yhdistys mukana Sarka-museon K\u00f6yri-markkinoilla riihityksen merkeiss\u00e4.\r\n\r\n<strong>28.7. klo 17<\/strong> &gt; Sauna l\u00e4mpenee kyl\u00e4l\u00e4isille Mellil\u00e4nj\u00e4rvell\u00e4. Omat ev\u00e4\u00e4t mukaan.\r\n\r\n<strong>27.7. klo 9<\/strong> Rukiinleikkuutalkoon kyl\u00e4talolla. Leikataan ruista sirpein ja viikattein.\r\n\r\n<strong>7.7. klo 18<\/strong> Pihapeli-ilta kyl\u00e4talolla. Tule mukaan yksin, kaksin tai koko perheen voimin! Voit ottaa mukaan jonkin pihapelin, jota mielell\u00e4\u00e4n pelaisitte yhdess\u00e4. Paikalla on my\u00f6s mahdollisuus tutustua petanquen harrastamiseen.\r\n\r\n<strong>30.6. klo 18<\/strong> Kaikki n\u00e4ytelm\u00e4hankkeesta kiinnostuneet ovat tervetulleita P\u00e4\u00e4skynpes\u00e4lle, jossa Mekku Mutala, Sari Jokela ja Elsa Hietala vastaavat kysymyksiin ja ottavat vastaan ilmoittautumisia sek\u00e4 muistoja Viljo Marttilasta.\r\n\r\n<strong>17.6.<\/strong>\u00a0Kyl\u00e4yhdistys on saanut p\u00e4\u00e4t\u00f6ksen Leader-ryhm\u00e4 Jokivarsikumppaneilta Puutarhurin valssi -hankkeen rahoituksesta!\r\n\r\n&nbsp;\r\n\r\n&nbsp;","_et_gb_content_width":"","footnotes":""},"class_list":["post-331","page","type-page","status-publish","hentry"],"_links":{"self":[{"href":"https:\/\/haara-onkijoki.fi\/index.php?rest_route=\/wp\/v2\/pages\/331","targetHints":{"allow":["GET"]}}],"collection":[{"href":"https:\/\/haara-onkijoki.fi\/index.php?rest_route=\/wp\/v2\/pages"}],"about":[{"href":"https:\/\/haara-onkijoki.fi\/index.php?rest_route=\/wp\/v2\/types\/page"}],"author":[{"embeddable":true,"href":"https:\/\/haara-onkijoki.fi\/index.php?rest_route=\/wp\/v2\/users\/1"}],"replies":[{"embeddable":true,"href":"https:\/\/haara-onkijoki.fi\/index.php?rest_route=%2Fwp%2Fv2%2Fcomments&post=331"}],"version-history":[{"count":50,"href":"https:\/\/haara-onkijoki.fi\/index.php?rest_route=\/wp\/v2\/pages\/331\/revisions"}],"predecessor-version":[{"id":1009,"href":"https:\/\/haara-onkijoki.fi\/index.php?rest_route=\/wp\/v2\/pages\/331\/revisions\/1009"}],"wp:attachment":[{"href":"https:\/\/haara-onkijoki.fi\/index.php?rest_route=%2Fwp%2Fv2%2Fmedia&parent=331"}],"curies":[{"name":"wp","href":"https:\/\/api.w.org\/{rel}","templated":true}]}}