{"id":14,"date":"2019-01-31T14:50:16","date_gmt":"2019-01-31T12:50:16","guid":{"rendered":"https:\/\/haara-onkijoki.fi\/?page_id=14"},"modified":"2026-02-11T12:34:08","modified_gmt":"2026-02-11T10:34:08","slug":"palvelut","status":"publish","type":"page","link":"https:\/\/haara-onkijoki.fi\/?page_id=14","title":{"rendered":"Juhlatilat"},"content":{"rendered":"<p>[et_pb_section fb_built=&#8221;1&#8243; _builder_version=&#8221;4.16&#8243; global_colors_info=&#8221;{}&#8221;][et_pb_row _builder_version=&#8221;4.19.2&#8243; _module_preset=&#8221;default&#8221; global_colors_info=&#8221;{}&#8221;][et_pb_column type=&#8221;4_4&#8243; _builder_version=&#8221;4.19.2&#8243; _module_preset=&#8221;default&#8221; global_colors_info=&#8221;{}&#8221;][et_pb_text _builder_version=&#8221;4.19.2&#8243; _module_preset=&#8221;default&#8221; text_font_size=&#8221;40px&#8221; custom_margin=&#8221;||20px||false|false&#8221; global_colors_info=&#8221;{}&#8221;]<\/p>\n<p><strong><span class=\"et_pb_et_price\"><span class=\"et_pb_sum\">P\u00e4\u00e4skynpes\u00e4<\/span><\/span><\/strong><\/p>\n<p>[\/et_pb_text][\/et_pb_column][\/et_pb_row][et_pb_row column_structure=&#8221;1_2,1_2&#8243; _builder_version=&#8221;4.16&#8243; custom_padding=&#8221;0px|||||&#8221; global_colors_info=&#8221;{}&#8221;][et_pb_column type=&#8221;1_2&#8243; _builder_version=&#8221;4.16&#8243; custom_padding=&#8221;|||&#8221; global_colors_info=&#8221;{}&#8221; custom_padding__hover=&#8221;|||&#8221;][et_pb_image src=&#8221;https:\/\/haara-onkijoki.fi\/wp-content\/uploads\/2019\/05\/kuvatalo.PNG.jpg&#8221; align_tablet=&#8221;center&#8221; align_phone=&#8221;center&#8221; align_last_edited=&#8221;on|desktop&#8221; _builder_version=&#8221;4.16&#8243; global_colors_info=&#8221;{}&#8221;][\/et_pb_image][\/et_pb_column][et_pb_column type=&#8221;1_2&#8243; _builder_version=&#8221;4.16&#8243; custom_padding=&#8221;|||&#8221; global_colors_info=&#8221;{}&#8221; custom_padding__hover=&#8221;|||&#8221;][et_pb_text _builder_version=&#8221;4.27.3&#8243; _module_preset=&#8221;default&#8221; custom_margin=&#8221;||||false|false&#8221; custom_padding=&#8221;||||false|false&#8221; global_colors_info=&#8221;{}&#8221;]<\/p>\n<div class='tbk-frontend' id='tbk-frontend-6043' data-services=\"paaskynpesa\"><div class='tbk-inner-content'><\/div><\/div>\n<p>[\/et_pb_text][\/et_pb_column][\/et_pb_row][et_pb_row column_structure=&#8221;1_2,1_2&#8243; _builder_version=&#8221;4.19.5&#8243; custom_margin=&#8221;|auto|17px|auto||&#8221; custom_padding=&#8221;2px||13px|||&#8221; global_colors_info=&#8221;{}&#8221;][et_pb_column type=&#8221;1_2&#8243; _builder_version=&#8221;4.16&#8243; custom_padding=&#8221;|||&#8221; global_colors_info=&#8221;{}&#8221; custom_padding__hover=&#8221;|||&#8221;][et_pb_accordion _builder_version=&#8221;4.27.4&#8243; _module_preset=&#8221;default&#8221; global_colors_info=&#8221;{}&#8221;][et_pb_accordion_item title=&#8221;Esittely&#8221; _builder_version=&#8221;4.19.5&#8243; _module_preset=&#8221;default&#8221; global_colors_info=&#8221;{}&#8221; open=&#8221;on&#8221;]<\/p>\n<p>Yli 300 neli\u00f6inen P\u00e4\u00e4skynpes\u00e4\u00a0 toimii ymp\u00e4rivuotisesti harrastus-, tapahtuma ja juhlapaikkana. Tilaa vuokrataan juhliin niin kyl\u00e4l\u00e4isille kuin muillekin halukkaille ja se on mahdollista saada k\u00e4ytt\u00f6\u00f6ns\u00e4 koko viikonlopuksi. Piha-alueella on runsaasti parkkitilaa sek\u00e4 aidattu leikkikentt\u00e4 lapsille.<\/p>\n<p>[\/et_pb_accordion_item][et_pb_accordion_item title=&#8221;Varausohjeet&#8221; open=&#8221;off&#8221; _builder_version=&#8221;4.27.4&#8243; _module_preset=&#8221;default&#8221; global_colors_info=&#8221;{}&#8221;]Valitse p\u00e4iv\u00e4m\u00e4\u00e4r\u00e4 kalenterista ja t\u00e4yt\u00e4 yhteystietosi, niin otamme Sinuun yhteytt\u00e4 tai soita meille numeroon <a href=\"tel:0404119555\">0404119555<\/a>.[\/et_pb_accordion_item][\/et_pb_accordion][\/et_pb_column][et_pb_column type=&#8221;1_2&#8243; _builder_version=&#8221;4.16&#8243; custom_padding=&#8221;|||&#8221; global_colors_info=&#8221;{}&#8221; custom_padding__hover=&#8221;|||&#8221;][et_pb_text _builder_version=&#8221;4.27.4&#8243; _module_preset=&#8221;default&#8221; custom_padding=&#8221;10px|10px|10px|10px|false|false&#8221; hover_enabled=&#8221;0&#8243; border_width_all=&#8221;1px&#8221; border_color_all=&#8221;#cbe2b1&#8243; global_colors_info=&#8221;{}&#8221; sticky_enabled=&#8221;0&#8243;]<\/p>\n<h2 class=\"et_pb_pricing_title\">P\u00e4\u00e4skynpes\u00e4 300 m\u00b2<\/h2>\n<p>Koko halli max 300 hl\u00f6<\/p>\n<ul>\n<li>Alkaen 400\u20ac\/vkl<\/li>\n<li>Kyl\u00e4l\u00e4iset 300\u20ac\/ vkl<\/li>\n<li>\n<div dir=\"auto\">Astiasto 2e\/henkil\u00f6\u00a0<\/div>\n<div dir=\"auto\"><\/div>\n<\/li>\n<li>\n<div dir=\"auto\">P\u00f6yt\u00e4liina 5e\/kpl + pesula maksu<\/div>\n<\/li>\n<\/ul>\n<p>[\/et_pb_text][et_pb_text _builder_version=&#8221;4.27.4&#8243; _module_preset=&#8221;default&#8221; custom_padding=&#8221;10px|10px|10px|10px|false|false&#8221; hover_enabled=&#8221;0&#8243; border_width_all=&#8221;1px&#8221; border_color_all=&#8221;#cbe2b1&#8243; global_colors_info=&#8221;{}&#8221; sticky_enabled=&#8221;0&#8243;]<\/p>\n<h2 class=\"et_pb_pricing_title\">Puolet P\u00e4\u00e4skynpes\u00e4st\u00e4<\/h2>\n<p>max 150 hl\u00f6<\/p>\n<ul>\n<li>Alkaen 300\u20ac\/vkl<\/li>\n<li>Kyl\u00e4l\u00e4iset 250\u20ac\/ vkl<\/li>\n<li>\n<div dir=\"auto\">Astiasto 2e\/henkil\u00f6\u00a0<\/div>\n<div dir=\"auto\"><\/div>\n<\/li>\n<li>\n<div dir=\"auto\">P\u00f6yt\u00e4liina 5e\/kpl + pesula maksu<\/div>\n<\/li>\n<\/ul>\n<p>[\/et_pb_text][\/et_pb_column][\/et_pb_row][et_pb_row _builder_version=&#8221;4.19.2&#8243; _module_preset=&#8221;default&#8221; global_colors_info=&#8221;{}&#8221;][et_pb_column type=&#8221;4_4&#8243; _builder_version=&#8221;4.19.2&#8243; _module_preset=&#8221;default&#8221; global_colors_info=&#8221;{}&#8221;][et_pb_gallery gallery_ids=&#8221;923,919,926,918,917,916,915&#8243; show_title_and_caption=&#8221;off&#8221; _builder_version=&#8221;4.19.5&#8243; _module_preset=&#8221;default&#8221; dbdb_version=&#8221;5.0.2&#8243; global_colors_info=&#8221;{}&#8221;][\/et_pb_gallery][\/et_pb_column][\/et_pb_row][\/et_pb_section][et_pb_section fb_built=&#8221;1&#8243; _builder_version=&#8221;4.19.2&#8243; _module_preset=&#8221;default&#8221; global_colors_info=&#8221;{}&#8221;][et_pb_row _builder_version=&#8221;4.19.2&#8243; _module_preset=&#8221;default&#8221; global_colors_info=&#8221;{}&#8221;][et_pb_column type=&#8221;4_4&#8243; _builder_version=&#8221;4.19.2&#8243; _module_preset=&#8221;default&#8221; global_colors_info=&#8221;{}&#8221;][et_pb_divider _builder_version=&#8221;4.19.2&#8243; _module_preset=&#8221;default&#8221; custom_margin=&#8221;50px||50px||false|false&#8221; global_colors_info=&#8221;{}&#8221;][\/et_pb_divider][\/et_pb_column][\/et_pb_row][\/et_pb_section][et_pb_section fb_built=&#8221;1&#8243; _builder_version=&#8221;4.16&#8243; global_colors_info=&#8221;{}&#8221;][et_pb_row _builder_version=&#8221;4.19.2&#8243; _module_preset=&#8221;default&#8221; global_colors_info=&#8221;{}&#8221;][et_pb_column type=&#8221;4_4&#8243; _builder_version=&#8221;4.19.2&#8243; _module_preset=&#8221;default&#8221; global_colors_info=&#8221;{}&#8221;][et_pb_text _builder_version=&#8221;4.19.2&#8243; _module_preset=&#8221;default&#8221; text_font_size=&#8221;40px&#8221; custom_margin=&#8221;||20px||false|false&#8221; global_colors_info=&#8221;{}&#8221;]<\/p>\n<p><strong><span class=\"et_pb_et_price\"><span class=\"et_pb_sum\">Kyl\u00e4talo Kerttula<\/span><\/span><\/strong><\/p>\n<p>[\/et_pb_text][\/et_pb_column][\/et_pb_row][et_pb_row column_structure=&#8221;1_2,1_2&#8243; _builder_version=&#8221;4.16&#8243; custom_padding=&#8221;0px|||||&#8221; global_colors_info=&#8221;{}&#8221;][et_pb_column type=&#8221;1_2&#8243; _builder_version=&#8221;4.16&#8243; custom_padding=&#8221;|||&#8221; global_colors_info=&#8221;{}&#8221; custom_padding__hover=&#8221;|||&#8221;][et_pb_image src=&#8221;https:\/\/haara-onkijoki.fi\/wp-content\/uploads\/2023\/02\/Kylatalo-Kerttula-2019-1-scaled.jpg&#8221; title_text=&#8221;Kyl\u00e4talo Kerttula 2019&#8243; align_tablet=&#8221;center&#8221; align_phone=&#8221;center&#8221; align_last_edited=&#8221;on|desktop&#8221; _builder_version=&#8221;4.19.5&#8243; global_colors_info=&#8221;{}&#8221;][\/et_pb_image][\/et_pb_column][et_pb_column type=&#8221;1_2&#8243; _builder_version=&#8221;4.16&#8243; custom_padding=&#8221;|||&#8221; global_colors_info=&#8221;{}&#8221; custom_padding__hover=&#8221;|||&#8221;][et_pb_text _builder_version=&#8221;4.27.3&#8243; _module_preset=&#8221;default&#8221; custom_margin=&#8221;-40px||||false|false&#8221; global_colors_info=&#8221;{}&#8221;]<\/p>\n<div class='tbk-frontend' id='tbk-frontend-b4d6' data-services=\"kylatalo_kerttula\"><div class='tbk-inner-content'><\/div><\/div>\n<p>[\/et_pb_text][\/et_pb_column][\/et_pb_row][et_pb_row column_structure=&#8221;1_2,1_2&#8243; _builder_version=&#8221;4.19.5&#8243; custom_margin=&#8221;|auto|17px|auto||&#8221; custom_padding=&#8221;2px||13px|||&#8221; global_colors_info=&#8221;{}&#8221;][et_pb_column type=&#8221;1_2&#8243; _builder_version=&#8221;4.16&#8243; custom_padding=&#8221;|||&#8221; global_colors_info=&#8221;{}&#8221; custom_padding__hover=&#8221;|||&#8221;][et_pb_accordion _builder_version=&#8221;4.19.5&#8243; _module_preset=&#8221;default&#8221; global_colors_info=&#8221;{}&#8221;][et_pb_accordion_item title=&#8221;Esittely&#8221; open=&#8221;on&#8221; _builder_version=&#8221;4.19.5&#8243; _module_preset=&#8221;default&#8221; global_colors_info=&#8221;{}&#8221;]<\/p>\n<p>Kyl\u00e4talo Kerttula on remontoitu rintamamiestalosta kyl\u00e4n yhteiseksi toiminta- ja kokoustilaksi. Kyl\u00e4taloa voivat vuokrata kaikki halukkaat kokousk\u00e4ytt\u00f6\u00f6n tai vaikkapa pieniin juhliin. Tila l\u00e4mpi\u00e4\u00e4 talvella kotoisalla vuolukiviuunilla.<\/p>\n<p>[\/et_pb_accordion_item][et_pb_accordion_item title=&#8221;Varausohjeet&#8221; _builder_version=&#8221;4.19.5&#8243; _module_preset=&#8221;default&#8221; global_colors_info=&#8221;{}&#8221; open=&#8221;off&#8221;]Valitse p\u00e4iv\u00e4m\u00e4\u00e4r\u00e4 kalenterista ja t\u00e4yt\u00e4 yhteystietosi, niin otamme Sinuun yhteytt\u00e4 tai soita meille numeroon <a href=\"tel:+358400537499\">0400537499<\/a>.[\/et_pb_accordion_item][\/et_pb_accordion][\/et_pb_column][et_pb_column type=&#8221;1_2&#8243; _builder_version=&#8221;4.16&#8243; custom_padding=&#8221;|||&#8221; global_colors_info=&#8221;{}&#8221; custom_padding__hover=&#8221;|||&#8221;][et_pb_text _builder_version=&#8221;4.27.4&#8243; _module_preset=&#8221;default&#8221; custom_padding=&#8221;10px|10px|10px|10px|false|false&#8221; hover_enabled=&#8221;0&#8243; border_width_all=&#8221;1px&#8221; border_color_all=&#8221;#cbe2b1&#8243; global_colors_info=&#8221;{}&#8221; sticky_enabled=&#8221;0&#8243;]<\/p>\n<h2 class=\"et_pb_pricing_title\">Kyl\u00e4talo Kerttula<\/h2>\n<p>max 35 hl\u00f6<\/p>\n<ul>\n<li>50\u20ac\/pv<\/li>\n<li>10\u20ac\/h<\/li>\n<li>\n<div dir=\"auto\">Astiasto 2e\/henkil\u00f6\u00a0<\/div>\n<div dir=\"auto\"><\/div>\n<\/li>\n<li>\n<div dir=\"auto\">P\u00f6yt\u00e4liina 5e\/kpl + pesula maksu<\/div>\n<\/li>\n<\/ul>\n<p>[\/et_pb_text][\/et_pb_column][\/et_pb_row][et_pb_row _builder_version=&#8221;4.19.2&#8243; _module_preset=&#8221;default&#8221; global_colors_info=&#8221;{}&#8221;][et_pb_column type=&#8221;4_4&#8243; _builder_version=&#8221;4.19.2&#8243; _module_preset=&#8221;default&#8221; global_colors_info=&#8221;{}&#8221;][et_pb_gallery gallery_ids=&#8221;935,934,933,929&#8243; posts_number=&#8221;5&#8243; show_title_and_caption=&#8221;off&#8221; _builder_version=&#8221;4.19.5&#8243; _module_preset=&#8221;default&#8221; dbdb_version=&#8221;5.0.2&#8243; global_colors_info=&#8221;{}&#8221;][\/et_pb_gallery][\/et_pb_column][\/et_pb_row][\/et_pb_section]<\/p>\n","protected":false},"excerpt":{"rendered":"<p>P\u00e4\u00e4skynpes\u00e4<div class='tbk-frontend' id='tbk-frontend-c91a' data-services=\"paaskynpesa\"><div class='tbk-inner-content'><\/div><\/div>Yli 300 neli\u00f6inen P\u00e4\u00e4skynpes\u00e4\u00a0 toimii ymp\u00e4rivuotisesti harrastus-, tapahtuma ja juhlapaikkana. Tilaa vuokrataan juhliin niin kyl\u00e4l\u00e4isille kuin muillekin halukkaille ja se on mahdollista saada k\u00e4ytt\u00f6\u00f6ns\u00e4 koko viikonlopuksi. Piha-alueella on runsaasti parkkitilaa sek\u00e4 aidattu leikkikentt\u00e4 lapsille.Valitse p\u00e4iv\u00e4m\u00e4\u00e4r\u00e4 kalenterista ja t\u00e4yt\u00e4 yhteystietosi, niin otamme Sinuun yhteytt\u00e4 tai soita meille numeroon 0404119555.P\u00e4\u00e4skynpes\u00e4 300 m\u00b2 Koko halli max 300 [&hellip;]<\/p>\n","protected":false},"author":1,"featured_media":0,"parent":0,"menu_order":0,"comment_status":"closed","ping_status":"closed","template":"","meta":{"_et_pb_use_builder":"on","_et_pb_old_content":"<p><span class=\"otsikko\" style=\"color: #666666;\">Osaamisemme kohdistuu moottoriajoneuvojen, my\u00f6s veneiden ja moottoripy\u00f6rien, kennoihin:<\/span><\/p><div align=\"left\"><ul><li>kennotukset eli kennonvaihdot<ul><li><span style=\"color: #993300;\">eri\u00a0 kennostovaihtoehtoja museoajoneuvot\/ty\u00f6koneet<\/span><\/li><\/ul><\/li><li><span style=\"color: #000000;\">koeponnistukset<\/span><\/li><li><span style=\"color: #000000;\">korjaukset, my\u00f6s l\u00e4mm\u00f6nvaihtimien<\/span><\/li><li><span style=\"color: #000000;\">vaihtoj\u00e4\u00e4hdyttimet<\/span><\/li><li><span style=\"color: #000000;\">pehmyt- ja kovajuotokset my\u00f6s muualle kuin kennoihin<\/span><ul><li><span style=\"color: #993300;\">alumiini-, tina-, hopea-, fosfori- ja messinkijuotokset<\/span><\/li><\/ul><\/li><li><span style=\"color: #000000;\">pienhiekkapuhallukset<\/span><\/li><\/ul><p><img class=\"alignnone size-full wp-image-68\" src=\"https:\/\/haara-onkijoki.fi\/wp-content\/uploads\/2019\/02\/Ennen_huoltoa.jpg\" alt=\"\" width=\"567\" height=\"454\" \/><\/p><\/div>","_et_gb_content_width":"","footnotes":""},"class_list":["post-14","page","type-page","status-publish","hentry"],"_links":{"self":[{"href":"https:\/\/haara-onkijoki.fi\/index.php?rest_route=\/wp\/v2\/pages\/14","targetHints":{"allow":["GET"]}}],"collection":[{"href":"https:\/\/haara-onkijoki.fi\/index.php?rest_route=\/wp\/v2\/pages"}],"about":[{"href":"https:\/\/haara-onkijoki.fi\/index.php?rest_route=\/wp\/v2\/types\/page"}],"author":[{"embeddable":true,"href":"https:\/\/haara-onkijoki.fi\/index.php?rest_route=\/wp\/v2\/users\/1"}],"replies":[{"embeddable":true,"href":"https:\/\/haara-onkijoki.fi\/index.php?rest_route=%2Fwp%2Fv2%2Fcomments&post=14"}],"version-history":[{"count":68,"href":"https:\/\/haara-onkijoki.fi\/index.php?rest_route=\/wp\/v2\/pages\/14\/revisions"}],"predecessor-version":[{"id":1195,"href":"https:\/\/haara-onkijoki.fi\/index.php?rest_route=\/wp\/v2\/pages\/14\/revisions\/1195"}],"wp:attachment":[{"href":"https:\/\/haara-onkijoki.fi\/index.php?rest_route=%2Fwp%2Fv2%2Fmedia&parent=14"}],"curies":[{"name":"wp","href":"https:\/\/api.w.org\/{rel}","templated":true}]}}